{"id":992,"date":"2019-08-22T17:00:02","date_gmt":"2019-08-22T15:00:02","guid":{"rendered":"https:\/\/arnaldet.com\/el-tiempo-2\/"},"modified":"2019-09-06T17:37:42","modified_gmt":"2019-09-06T15:37:42","slug":"panoramic-view","status":"publish","type":"page","link":"https:\/\/arnaldet.com\/en\/panoramic-view\/","title":{"rendered":"Panoramic view"},"content":{"rendered":"\t\t<div data-elementor-type=\"wp-post\" data-elementor-id=\"992\" class=\"elementor elementor-992\" data-elementor-post-type=\"page\">\n\t\t\t\t\t\t<section class=\"elementor-section elementor-top-section elementor-element elementor-element-2526177 elementor-section-height-min-height elementor-section-full_width elementor-section-height-default elementor-section-items-middle\" data-id=\"2526177\" data-element_type=\"section\" data-e-type=\"section\" data-settings=\"{&quot;background_background&quot;:&quot;classic&quot;}\">\n\t\t\t\t\t\t\t<div class=\"elementor-background-overlay\"><\/div>\n\t\t\t\t\t\t\t<div class=\"elementor-container elementor-column-gap-default\">\n\t\t\t\t\t<div class=\"elementor-column elementor-col-100 elementor-top-column elementor-element elementor-element-98a4ef2\" data-id=\"98a4ef2\" data-element_type=\"column\" data-e-type=\"column\">\n\t\t\t<div class=\"elementor-widget-wrap elementor-element-populated\">\n\t\t\t\t\t\t<section class=\"elementor-section elementor-inner-section elementor-element elementor-element-a4454a3 elementor-section-boxed elementor-section-height-default elementor-section-height-default\" data-id=\"a4454a3\" data-element_type=\"section\" data-e-type=\"section\">\n\t\t\t\t\t\t<div class=\"elementor-container elementor-column-gap-default\">\n\t\t\t\t\t<div class=\"elementor-column elementor-col-100 elementor-inner-column elementor-element elementor-element-2acfd22\" data-id=\"2acfd22\" data-element_type=\"column\" data-e-type=\"column\">\n\t\t\t<div class=\"elementor-widget-wrap elementor-element-populated\">\n\t\t\t\t\t\t<div class=\"elementor-element elementor-element-f0a8b4f elementor-widget elementor-widget-heading\" data-id=\"f0a8b4f\" data-element_type=\"widget\" data-e-type=\"widget\" data-widget_type=\"heading.default\">\n\t\t\t\t<div class=\"elementor-widget-container\">\n\t\t\t\t\t<h1 class=\"elementor-heading-title elementor-size-default\">Panoramic view<\/h1>\t\t\t\t<\/div>\n\t\t\t\t<\/div>\n\t\t\t\t<div class=\"elementor-element elementor-element-ee24a86 elementor-widget elementor-widget-heading\" data-id=\"ee24a86\" data-element_type=\"widget\" data-e-type=\"widget\" data-widget_type=\"heading.default\">\n\t\t\t\t<div class=\"elementor-widget-container\">\n\t\t\t\t\t<h2 class=\"elementor-heading-title elementor-size-default\">CAMPING LA BORDA D'ARNALDET<\/h2>\t\t\t\t<\/div>\n\t\t\t\t<\/div>\n\t\t\t\t<div class=\"elementor-element elementor-element-4971b4a elementor-widget elementor-widget-heading\" data-id=\"4971b4a\" data-element_type=\"widget\" data-e-type=\"widget\" data-widget_type=\"heading.default\">\n\t\t\t\t<div class=\"elementor-widget-container\">\n\t\t\t\t\t<p class=\"elementor-heading-title elementor-size-default\">Bungalows, pool, restaurant. <br \/>\nOpen all year long.<\/p>\t\t\t\t<\/div>\n\t\t\t\t<\/div>\n\t\t\t\t\t<\/div>\n\t\t<\/div>\n\t\t\t\t\t<\/div>\n\t\t<\/section>\n\t\t\t\t<section class=\"elementor-section elementor-inner-section elementor-element elementor-element-da5622f elementor-section-boxed elementor-section-height-default elementor-section-height-default\" data-id=\"da5622f\" data-element_type=\"section\" data-e-type=\"section\">\n\t\t\t\t\t\t<div class=\"elementor-container elementor-column-gap-default\">\n\t\t\t\t\t<div class=\"elementor-column elementor-col-100 elementor-inner-column elementor-element elementor-element-35a46d4\" data-id=\"35a46d4\" data-element_type=\"column\" data-e-type=\"column\">\n\t\t\t<div class=\"elementor-widget-wrap elementor-element-populated\">\n\t\t\t\t\t\t<div class=\"elementor-element elementor-element-e8087a0 elementor-widget elementor-widget-shortcode\" data-id=\"e8087a0\" data-element_type=\"widget\" data-e-type=\"widget\" data-widget_type=\"shortcode.default\">\n\t\t\t\t<div class=\"elementor-widget-container\">\n\t\t\t\t\t\t\t<div class=\"elementor-shortcode\">\t<div class=\"formreservas\">\n\n\t\t<div class=\"columnaformularioreerva\">\n\t\t\t<label for=\"begin\" class=\"sr-only\">Check-in<\/label>\n\t\t\t<input id=\"begin\" class=\"datepicker\" type=\"text\" placeholder=\"Check-in\">\n\t\t<\/div>\n\n\t\t<div class=\"columnaformularioreerva\">\n\t\t\t<label for=\"end\" class=\"sr-only\">Check-out<\/label>\n\t\t\t<input id=\"end\" class=\"datepicker\" type=\"text\" placeholder=\"Check-out\">\n\t\t<\/div>\n\n\t\t<div class=\"columnaformularioreerva\">\n\t\t\t<label for=\"selectOption\" class=\"sr-only\">Accommodation type<\/label>\n\t\t\t<select id=\"selectOption\" name=\"accommodation_type\">\n\t\t\t\t<option value=\"1\" selected=\"selected\">Plots<\/option>\n\t\t\t\t<option value=\"Bungalow\">Bungalows<\/option>\n\t\t\t\t<option value=\"Appartement\">Apartments<\/option>\n\t\t\t<\/select>\n\t\t\t<input id=\"lang\" type=\"hidden\" value=\"en\">\n\t\t<\/div>\n\n\t\t<div class=\"columnaformularioreerva\">\n\t\t\t<input id=\"track\" type=\"hidden\" value=\"formularioweb\">\n\t\t\t<input type=\"button\" value=\"Book\" onclick=\"search()\">\n\t\t<\/div>\n\n\t<\/div>\n\n\t<style>\n\t.sr-only{\n\t\tposition:absolute !important;\n\t\twidth:1px !important;\n\t\theight:1px !important;\n\t\tpadding:0 !important;\n\t\tmargin:-1px !important;\n\t\toverflow:hidden !important;\n\t\tclip:rect(0,0,0,0) !important;\n\t\twhite-space:nowrap !important;\n\t\tborder:0 !important;\n\t}\n\n\t.ui-datepicker select.ui-datepicker-month,\n\t.ui-datepicker select.ui-datepicker-year {\n\t\twidth: 50%;\n\t\tdisplay: inline-block;\n\t}\n\n\tdiv#ui-datepicker-div { z-index: 2000 !important; }\n\n\tdiv.formreservas input[type=\"text\"], div.formreservas-sticky input[type=\"text\"] {\n\t\tbackground-image: url(\/wp-content\/themes\/hello-elementor-child\/reservas.png);\n\t\tbackground-position: 92% 50%;\n\t\tbackground-repeat: no-repeat;\n\t\tborder: 1px solid #fff;\n\t\tpadding: 15px 20px 15px 20px;\n\t\tbackground-color: transparent;\n\t\tborder-radius: 30px;\n\t\tcolor:#fff;\n\t\tfont-size:1.12rem;\n\t\tbackground-size: 9%;\n\t}\n\n\tdiv.formreservas input[type=\"text\"]::placeholder { color:#fff; font-weight:400; font-size:1.12rem; }\n\n\tdiv.formreservas select, div.formreservas-sticky select {\n\t\tborder: 1px solid #fff;\n\t\tpadding: 15px 132px 15px 20px;\n\t\tbackground-color: transparent;\n\t\tborder-radius: 30px;\n\t\tcolor:#fff;\n\t\tfont-size:1.12rem;\n\t\t-moz-appearance:none;\n\t\t-webkit-appearance:none;\n\t\t-ms-appearance:none;\n\t\t-o-appearance:none;\n\t\tappearance:none;\n\t\tbackground-image: url(\"\/wp-content\/themes\/hello-elementor-child\/flechita.png\");\n\t\tbackground-position: 92% center;\n\t\tbackground-repeat: no-repeat;\n\t\tbackground-size: 6%;\n\t}\n\n\tdiv.formreservas select > option, div.formreservas-sticky select > option {\n\t\tbackground: #c0cd2e;\n\t\tfont-size:1.12rem;\n\t}\n\n\tdiv.formreservas [type=button], div.formreservas [type=button]:focus, div.formreservas [type=button]:hover,\n\tdiv.formreservas [type=submit]:focus, div.formreservas [type=submit]:hover,\n\tdiv.formreservas button:focus, button:hover {\n\t\tcolor: #fff;\n\t\tbackground-color: #282827 !important;\n\t\ttext-decoration: none;\n\t\tpadding: 16px 52px 16px 52px;\n\t\tborder-radius: 30px;\n\t\tborder:none;\n\t\ttext-transform:uppercase;\n\t\tletter-spacing: 2px;\n\t\tfont-size:1.12rem;\n\t\tcursor:pointer;\n\t}\n\n\tdiv.formreservas [type=button]:hover, div.formreservas [type=submit]:hover, button:hover { color: #c0cd2e; }\n\t<\/style>\n\t<\/div>\n\t\t\t\t\t\t<\/div>\n\t\t\t\t<\/div>\n\t\t\t\t\t<\/div>\n\t\t<\/div>\n\t\t\t\t\t<\/div>\n\t\t<\/section>\n\t\t\t\t\t<\/div>\n\t\t<\/div>\n\t\t\t\t\t<\/div>\n\t\t<\/section>\n\t\t\t\t<section class=\"elementor-section elementor-top-section elementor-element elementor-element-6e95cea elementor-section-boxed elementor-section-height-default elementor-section-height-default\" data-id=\"6e95cea\" data-element_type=\"section\" data-e-type=\"section\">\n\t\t\t\t\t\t\t<div class=\"elementor-background-overlay\"><\/div>\n\t\t\t\t\t\t\t<div class=\"elementor-container elementor-column-gap-default\">\n\t\t\t\t\t<div class=\"elementor-column elementor-col-100 elementor-top-column elementor-element elementor-element-a2920d6\" data-id=\"a2920d6\" data-element_type=\"column\" data-e-type=\"column\" data-settings=\"{&quot;background_background&quot;:&quot;classic&quot;}\">\n\t\t\t<div class=\"elementor-widget-wrap elementor-element-populated\">\n\t\t\t\t\t\t<div class=\"elementor-element elementor-element-4f99b4d elementor-widget elementor-widget-html\" data-id=\"4f99b4d\" data-element_type=\"widget\" data-e-type=\"widget\" data-widget_type=\"html.default\">\n\t\t\t\t<div class=\"elementor-widget-container\">\n\t\t\t\t\t<iframe width=\"100%\" height=\"550px\" frameborder=\"0\" scrolling=\"no\" marginheight=\"0\" marginwidth=\"0\" src=\"https:\/\/maps.google.com\/maps?layer=c&amp;panoid=9f0j3fWJ0b8AAAQIt_jb4A&amp;ie=UTF8&amp;source=embed&amp;output=svembed&amp;cbp=13%2C287.21415851602023%2C%2C0%2C16.72006745362563\"><\/iframe><div><small><a href=\"https:\/\/www.google.com\/maps\/views\/\" style=\"color:#0000FF; text-align:left\">Views<\/a>: <a href=\"https:\/\/www.google.com\/maps\/views\/view\/112294810631371898401\/photo\/9f0j3fWJ0b8AAAQIt_jb4A\" style=\"color:#0000FF; text-align:left\">El Castellaso, Sesu\u00e9, Huesca, Arag\u00f3n, Espa\u00f1a<\/a> de <a href=\"https:\/\/www.google.com\/maps\/views\/profile\/112294810631371898401\" style=\"color:#0000FF; text-align:left\">Nicol\u00e1s Vega<\/a><\/small><\/div>\t\t\t\t<\/div>\n\t\t\t\t<\/div>\n\t\t\t\t\t<\/div>\n\t\t<\/div>\n\t\t\t\t\t<\/div>\n\t\t<\/section>\n\t\t\t\t<\/div>\n\t\t","protected":false},"excerpt":{"rendered":"<p>Panoramic view CAMPING LA BORDA D&#8217;ARNALDET Bungalows, pool, restaurant. Open all year long. Views: El Castellaso, Sesu\u00e9, Huesca, Arag\u00f3n, Espa\u00f1a de Nicol\u00e1s Vega<\/p>\n","protected":false},"author":1,"featured_media":666,"parent":0,"menu_order":0,"comment_status":"closed","ping_status":"closed","template":"elementor_header_footer","meta":{"footnotes":""},"class_list":["post-992","page","type-page","status-publish","has-post-thumbnail","hentry"],"_links":{"self":[{"href":"https:\/\/arnaldet.com\/en\/wp-json\/wp\/v2\/pages\/992","targetHints":{"allow":["GET"]}}],"collection":[{"href":"https:\/\/arnaldet.com\/en\/wp-json\/wp\/v2\/pages"}],"about":[{"href":"https:\/\/arnaldet.com\/en\/wp-json\/wp\/v2\/types\/page"}],"author":[{"embeddable":true,"href":"https:\/\/arnaldet.com\/en\/wp-json\/wp\/v2\/users\/1"}],"replies":[{"embeddable":true,"href":"https:\/\/arnaldet.com\/en\/wp-json\/wp\/v2\/comments?post=992"}],"version-history":[{"count":10,"href":"https:\/\/arnaldet.com\/en\/wp-json\/wp\/v2\/pages\/992\/revisions"}],"predecessor-version":[{"id":13509,"href":"https:\/\/arnaldet.com\/en\/wp-json\/wp\/v2\/pages\/992\/revisions\/13509"}],"wp:featuredmedia":[{"embeddable":true,"href":"https:\/\/arnaldet.com\/en\/wp-json\/wp\/v2\/media\/666"}],"wp:attachment":[{"href":"https:\/\/arnaldet.com\/en\/wp-json\/wp\/v2\/media?parent=992"}],"curies":[{"name":"wp","href":"https:\/\/api.w.org\/{rel}","templated":true}]}}